{"id":13143,"date":"2021-05-27T09:31:45","date_gmt":"2021-05-27T09:31:45","guid":{"rendered":"https:\/\/deltaterminal.se\/our-team\/"},"modified":"2025-04-10T10:49:31","modified_gmt":"2025-04-10T08:49:31","slug":"our-team","status":"publish","type":"page","link":"https:\/\/deltaterminal.se\/en\/our-team","title":{"rendered":"Our team"},"content":{"rendered":"\t\t<div data-elementor-type=\"wp-page\" data-elementor-id=\"13143\" class=\"elementor elementor-13143 elementor-45\" data-elementor-post-type=\"page\">\n\t\t\t\t\t\t<section class=\"elementor-section elementor-top-section elementor-element elementor-element-41b61d5 elementor-section-height-min-height elementor-section-boxed elementor-section-height-default elementor-section-items-middle\" data-id=\"41b61d5\" data-element_type=\"section\" data-e-type=\"section\" data-settings=\"{&quot;background_background&quot;:&quot;classic&quot;}\">\n\t\t\t\t\t\t\t<div class=\"elementor-background-overlay\"><\/div>\n\t\t\t\t\t\t\t<div class=\"elementor-container elementor-column-gap-default\">\n\t\t\t\t\t<div class=\"elementor-column elementor-col-100 elementor-top-column elementor-element elementor-element-2a91a69\" data-id=\"2a91a69\" data-element_type=\"column\" data-e-type=\"column\">\n\t\t\t<div class=\"elementor-widget-wrap elementor-element-populated\">\n\t\t\t\t\t\t<div class=\"elementor-element elementor-element-3c6db0a elementor-widget elementor-widget-text-editor\" data-id=\"3c6db0a\" data-element_type=\"widget\" data-e-type=\"widget\" data-widget_type=\"text-editor.default\">\n\t\t\t\t<div class=\"elementor-widget-container\">\n\t\t\t\t\t\t\t\t\t<h1 class=\"hero-title;\">Our team<\/h1>\t\t\t\t\t\t\t\t<\/div>\n\t\t\t\t<\/div>\n\t\t\t\t\t<\/div>\n\t\t<\/div>\n\t\t\t\t\t<\/div>\n\t\t<\/section>\n\t\t\t\t<section class=\"elementor-section elementor-top-section elementor-element elementor-element-f3c13a0 elementor-section-boxed elementor-section-height-default elementor-section-height-default\" data-id=\"f3c13a0\" data-element_type=\"section\" data-e-type=\"section\" data-settings=\"{&quot;background_background&quot;:&quot;classic&quot;}\">\n\t\t\t\t\t\t<div class=\"elementor-container elementor-column-gap-default\">\n\t\t\t\t\t<div class=\"elementor-column elementor-col-100 elementor-top-column elementor-element elementor-element-77d4ab2\" data-id=\"77d4ab2\" data-element_type=\"column\" data-e-type=\"column\">\n\t\t\t<div class=\"elementor-widget-wrap elementor-element-populated\">\n\t\t\t\t\t\t<div class=\"elementor-element elementor-element-0977711 elementor-widget elementor-widget-text-editor\" data-id=\"0977711\" data-element_type=\"widget\" data-e-type=\"widget\" data-widget_type=\"text-editor.default\">\n\t\t\t\t<div class=\"elementor-widget-container\">\n\t\t\t\t\t\t\t\t\t<h3 class=\"sfg-section\">CONTACT US<\/h3>\n\t\t\t\t\t\t\t\t<\/div>\n\t\t\t\t<\/div>\n\t\t\t\t<section class=\"elementor-section elementor-inner-section elementor-element elementor-element-b1631b9 elementor-section-boxed elementor-section-height-default elementor-section-height-default\" data-id=\"b1631b9\" data-element_type=\"section\" data-e-type=\"section\">\n\t\t\t\t\t\t<div class=\"elementor-container elementor-column-gap-default\">\n\t\t\t\t\t<div class=\"elementor-column elementor-col-100 elementor-inner-column elementor-element elementor-element-5b0e21c\" data-id=\"5b0e21c\" data-element_type=\"column\" data-e-type=\"column\">\n\t\t\t<div class=\"elementor-widget-wrap elementor-element-populated\">\n\t\t\t\t\t\t<div class=\"elementor-element elementor-element-bf51fca elementor-widget elementor-widget-text-editor\" data-id=\"bf51fca\" data-element_type=\"widget\" data-e-type=\"widget\" data-widget_type=\"text-editor.default\">\n\t\t\t\t<div class=\"elementor-widget-container\">\n\t\t\t\t\t\t\t\t\t<p class=\"sfg-intro\">If you have questions we are here for you!<\/p>\t\t\t\t\t\t\t\t<\/div>\n\t\t\t\t<\/div>\n\t\t\t\t\t<\/div>\n\t\t<\/div>\n\t\t\t\t\t<\/div>\n\t\t<\/section>\n\t\t\t\t\t<\/div>\n\t\t<\/div>\n\t\t\t\t\t<\/div>\n\t\t<\/section>\n\t\t\t\t<section class=\"elementor-section elementor-top-section elementor-element elementor-element-ff24929 elementor-section-boxed elementor-section-height-default elementor-section-height-default\" data-id=\"ff24929\" data-element_type=\"section\" data-e-type=\"section\">\n\t\t\t\t\t\t<div class=\"elementor-container elementor-column-gap-default\">\n\t\t\t\t\t<div class=\"elementor-column elementor-col-33 elementor-top-column elementor-element elementor-element-bd952c8\" data-id=\"bd952c8\" data-element_type=\"column\" data-e-type=\"column\">\n\t\t\t<div class=\"elementor-widget-wrap\">\n\t\t\t\t\t\t\t<\/div>\n\t\t<\/div>\n\t\t\t\t<div class=\"elementor-column elementor-col-33 elementor-top-column elementor-element elementor-element-43fa7bc\" data-id=\"43fa7bc\" data-element_type=\"column\" data-e-type=\"column\">\n\t\t\t<div class=\"elementor-widget-wrap\">\n\t\t\t\t\t\t\t<\/div>\n\t\t<\/div>\n\t\t\t\t<div class=\"elementor-column elementor-col-33 elementor-top-column elementor-element elementor-element-01d83e3\" data-id=\"01d83e3\" data-element_type=\"column\" data-e-type=\"column\">\n\t\t\t<div class=\"elementor-widget-wrap\">\n\t\t\t\t\t\t\t<\/div>\n\t\t<\/div>\n\t\t\t\t\t<\/div>\n\t\t<\/section>\n\t\t\t\t<\/div>\n\t\t","protected":false},"excerpt":{"rendered":"<p>Our team CONTACT US If you have questions we are here for you!<\/p>\n","protected":false},"author":1,"featured_media":0,"parent":0,"menu_order":0,"comment_status":"closed","ping_status":"closed","template":"","meta":{"footnotes":""},"class_list":["post-13143","page","type-page","status-publish","hentry"],"yoast_head":"<!-- This site is optimized with the Yoast SEO plugin v27.5 - https:\/\/yoast.com\/product\/yoast-seo-wordpress\/ -->\n<title>Our team - Intermodal hamn i S\u00f6r\u00e5ker |\u00a0Delta Terminal AB<\/title>\n<meta name=\"description\" content=\"We are Delta Terminal AB. Together, we have over 200 years of combined experience in port and logistics operations\" \/>\n<meta name=\"robots\" content=\"index, follow, max-snippet:-1, max-image-preview:large, max-video-preview:-1\" \/>\n<link rel=\"canonical\" href=\"https:\/\/deltaterminal.se\/medarbetare\" \/>\n<meta property=\"og:locale\" content=\"en_US\" \/>\n<meta property=\"og:type\" content=\"article\" \/>\n<meta property=\"og:title\" content=\"Our team - Intermodal hamn i S\u00f6r\u00e5ker |\u00a0Delta Terminal AB\" \/>\n<meta property=\"og:description\" content=\"We are Delta Terminal AB. Together, we have over 200 years of combined experience in port and logistics operations\" \/>\n<meta property=\"og:url\" content=\"https:\/\/deltaterminal.se\/medarbetare\" \/>\n<meta property=\"og:site_name\" content=\"Intermodal hamn i S\u00f6r\u00e5ker |\u00a0Delta Terminal AB\" \/>\n<meta property=\"article:modified_time\" content=\"2025-04-10T08:49:31+00:00\" \/>\n<meta name=\"twitter:card\" content=\"summary_large_image\" \/>\n<meta name=\"twitter:label1\" content=\"Est. reading time\" \/>\n\t<meta name=\"twitter:data1\" content=\"1 minute\" \/>\n<script type=\"application\/ld+json\" class=\"yoast-schema-graph\">{\"@context\":\"https:\\\/\\\/schema.org\",\"@graph\":[{\"@type\":\"WebPage\",\"@id\":\"https:\\\/\\\/deltaterminal.se\\\/medarbetare\",\"url\":\"https:\\\/\\\/deltaterminal.se\\\/medarbetare\",\"name\":\"Our team - Intermodal hamn i S\u00f6r\u00e5ker |\u00a0Delta Terminal AB\",\"isPartOf\":{\"@id\":\"https:\\\/\\\/deltaterminal.se\\\/#website\"},\"datePublished\":\"2021-05-27T09:31:45+00:00\",\"dateModified\":\"2025-04-10T08:49:31+00:00\",\"description\":\"We are Delta Terminal AB. Together, we have over 200 years of combined experience in port and logistics operations\",\"breadcrumb\":{\"@id\":\"https:\\\/\\\/deltaterminal.se\\\/medarbetare#breadcrumb\"},\"inLanguage\":\"en-US\",\"potentialAction\":[{\"@type\":\"ReadAction\",\"target\":[\"https:\\\/\\\/deltaterminal.se\\\/medarbetare\"]}]},{\"@type\":\"BreadcrumbList\",\"@id\":\"https:\\\/\\\/deltaterminal.se\\\/medarbetare#breadcrumb\",\"itemListElement\":[{\"@type\":\"ListItem\",\"position\":1,\"name\":\"Hem\",\"item\":\"https:\\\/\\\/deltaterminal.se\\\/en\"},{\"@type\":\"ListItem\",\"position\":2,\"name\":\"Our team\"}]},{\"@type\":\"WebSite\",\"@id\":\"https:\\\/\\\/deltaterminal.se\\\/#website\",\"url\":\"https:\\\/\\\/deltaterminal.se\\\/\",\"name\":\"Intermodal hamn i S\u00f6r\u00e5ker |\u00a0Delta Terminal AB\",\"description\":\"Delta Terminal \u00e4r en privat\u00e4gd hamn i S\u00f6r\u00e5ker\",\"publisher\":{\"@id\":\"https:\\\/\\\/deltaterminal.se\\\/#organization\"},\"potentialAction\":[{\"@type\":\"SearchAction\",\"target\":{\"@type\":\"EntryPoint\",\"urlTemplate\":\"https:\\\/\\\/deltaterminal.se\\\/?s={search_term_string}\"},\"query-input\":{\"@type\":\"PropertyValueSpecification\",\"valueRequired\":true,\"valueName\":\"search_term_string\"}}],\"inLanguage\":\"en-US\"},{\"@type\":\"Organization\",\"@id\":\"https:\\\/\\\/deltaterminal.se\\\/#organization\",\"name\":\"Intermodal hamn i S\u00f6r\u00e5ker |\u00a0Delta Terminal AB\",\"url\":\"https:\\\/\\\/deltaterminal.se\\\/\",\"logo\":{\"@type\":\"ImageObject\",\"inLanguage\":\"en-US\",\"@id\":\"https:\\\/\\\/deltaterminal.se\\\/#\\\/schema\\\/logo\\\/image\\\/\",\"url\":\"https:\\\/\\\/deltaterminal.se\\\/wp-content\\\/uploads\\\/2021\\\/03\\\/delta-terminal.svg\",\"contentUrl\":\"https:\\\/\\\/deltaterminal.se\\\/wp-content\\\/uploads\\\/2021\\\/03\\\/delta-terminal.svg\",\"caption\":\"Intermodal hamn i S\u00f6r\u00e5ker |\u00a0Delta Terminal AB\"},\"image\":{\"@id\":\"https:\\\/\\\/deltaterminal.se\\\/#\\\/schema\\\/logo\\\/image\\\/\"}}]}<\/script>\n<!-- \/ Yoast SEO plugin. -->","yoast_head_json":{"title":"Our team - Intermodal hamn i S\u00f6r\u00e5ker |\u00a0Delta Terminal AB","description":"We are Delta Terminal AB. Together, we have over 200 years of combined experience in port and logistics operations","robots":{"index":"index","follow":"follow","max-snippet":"max-snippet:-1","max-image-preview":"max-image-preview:large","max-video-preview":"max-video-preview:-1"},"canonical":"https:\/\/deltaterminal.se\/medarbetare","og_locale":"en_US","og_type":"article","og_title":"Our team - Intermodal hamn i S\u00f6r\u00e5ker |\u00a0Delta Terminal AB","og_description":"We are Delta Terminal AB. Together, we have over 200 years of combined experience in port and logistics operations","og_url":"https:\/\/deltaterminal.se\/medarbetare","og_site_name":"Intermodal hamn i S\u00f6r\u00e5ker |\u00a0Delta Terminal AB","article_modified_time":"2025-04-10T08:49:31+00:00","twitter_card":"summary_large_image","twitter_misc":{"Est. reading time":"1 minute"},"schema":{"@context":"https:\/\/schema.org","@graph":[{"@type":"WebPage","@id":"https:\/\/deltaterminal.se\/medarbetare","url":"https:\/\/deltaterminal.se\/medarbetare","name":"Our team - Intermodal hamn i S\u00f6r\u00e5ker |\u00a0Delta Terminal AB","isPartOf":{"@id":"https:\/\/deltaterminal.se\/#website"},"datePublished":"2021-05-27T09:31:45+00:00","dateModified":"2025-04-10T08:49:31+00:00","description":"We are Delta Terminal AB. Together, we have over 200 years of combined experience in port and logistics operations","breadcrumb":{"@id":"https:\/\/deltaterminal.se\/medarbetare#breadcrumb"},"inLanguage":"en-US","potentialAction":[{"@type":"ReadAction","target":["https:\/\/deltaterminal.se\/medarbetare"]}]},{"@type":"BreadcrumbList","@id":"https:\/\/deltaterminal.se\/medarbetare#breadcrumb","itemListElement":[{"@type":"ListItem","position":1,"name":"Hem","item":"https:\/\/deltaterminal.se\/en"},{"@type":"ListItem","position":2,"name":"Our team"}]},{"@type":"WebSite","@id":"https:\/\/deltaterminal.se\/#website","url":"https:\/\/deltaterminal.se\/","name":"Intermodal hamn i S\u00f6r\u00e5ker |\u00a0Delta Terminal AB","description":"Delta Terminal \u00e4r en privat\u00e4gd hamn i S\u00f6r\u00e5ker","publisher":{"@id":"https:\/\/deltaterminal.se\/#organization"},"potentialAction":[{"@type":"SearchAction","target":{"@type":"EntryPoint","urlTemplate":"https:\/\/deltaterminal.se\/?s={search_term_string}"},"query-input":{"@type":"PropertyValueSpecification","valueRequired":true,"valueName":"search_term_string"}}],"inLanguage":"en-US"},{"@type":"Organization","@id":"https:\/\/deltaterminal.se\/#organization","name":"Intermodal hamn i S\u00f6r\u00e5ker |\u00a0Delta Terminal AB","url":"https:\/\/deltaterminal.se\/","logo":{"@type":"ImageObject","inLanguage":"en-US","@id":"https:\/\/deltaterminal.se\/#\/schema\/logo\/image\/","url":"https:\/\/deltaterminal.se\/wp-content\/uploads\/2021\/03\/delta-terminal.svg","contentUrl":"https:\/\/deltaterminal.se\/wp-content\/uploads\/2021\/03\/delta-terminal.svg","caption":"Intermodal hamn i S\u00f6r\u00e5ker |\u00a0Delta Terminal AB"},"image":{"@id":"https:\/\/deltaterminal.se\/#\/schema\/logo\/image\/"}}]}},"_links":{"self":[{"href":"https:\/\/deltaterminal.se\/en\/wp-json\/wp\/v2\/pages\/13143","targetHints":{"allow":["GET"]}}],"collection":[{"href":"https:\/\/deltaterminal.se\/en\/wp-json\/wp\/v2\/pages"}],"about":[{"href":"https:\/\/deltaterminal.se\/en\/wp-json\/wp\/v2\/types\/page"}],"author":[{"embeddable":true,"href":"https:\/\/deltaterminal.se\/en\/wp-json\/wp\/v2\/users\/1"}],"replies":[{"embeddable":true,"href":"https:\/\/deltaterminal.se\/en\/wp-json\/wp\/v2\/comments?post=13143"}],"version-history":[{"count":88,"href":"https:\/\/deltaterminal.se\/en\/wp-json\/wp\/v2\/pages\/13143\/revisions"}],"predecessor-version":[{"id":14765,"href":"https:\/\/deltaterminal.se\/en\/wp-json\/wp\/v2\/pages\/13143\/revisions\/14765"}],"wp:attachment":[{"href":"https:\/\/deltaterminal.se\/en\/wp-json\/wp\/v2\/media?parent=13143"}],"curies":[{"name":"wp","href":"https:\/\/api.w.org\/{rel}","templated":true}]}}